{"id":2723,"date":"2020-03-25T16:41:36","date_gmt":"2020-03-25T15:41:36","guid":{"rendered":"http:\/\/ecolemusiquedanse-stgalmier.fr\/V2\/?page_id=2723"},"modified":"2026-03-13T16:14:58","modified_gmt":"2026-03-13T15:14:58","slug":"danse-classique","status":"publish","type":"page","link":"https:\/\/ecolemusiquedanse-stgalmier.fr\/index.php\/danse-classique\/","title":{"rendered":"CLASSIQUE"},"content":{"rendered":"\t\t<div data-elementor-type=\"wp-page\" data-elementor-id=\"2723\" class=\"elementor elementor-2723\">\n\t\t\t\t<div class=\"elementor-element elementor-element-2814b44 e-con-full e-flex e-con e-parent\" data-id=\"2814b44\" data-element_type=\"container\" data-settings=\"{&quot;background_background&quot;:&quot;classic&quot;,&quot;shape_divider_top&quot;:&quot;tilt&quot;,&quot;shape_divider_bottom&quot;:&quot;tilt&quot;}\">\n\t\t\t\t<div class=\"elementor-shape elementor-shape-top\" aria-hidden=\"true\" data-negative=\"false\">\n\t\t\t<svg xmlns=\"http:\/\/www.w3.org\/2000\/svg\" viewBox=\"0 0 1000 100\" preserveAspectRatio=\"none\">\n\t<path class=\"elementor-shape-fill\" d=\"M0,6V0h1000v100L0,6z\"\/>\n<\/svg>\t\t<\/div>\n\t\t\t\t<div class=\"elementor-shape elementor-shape-bottom\" aria-hidden=\"true\" data-negative=\"false\">\n\t\t\t<svg xmlns=\"http:\/\/www.w3.org\/2000\/svg\" viewBox=\"0 0 1000 100\" preserveAspectRatio=\"none\">\n\t<path class=\"elementor-shape-fill\" d=\"M0,6V0h1000v100L0,6z\"\/>\n<\/svg>\t\t<\/div>\n\t\t\t\t<div class=\"elementor-element elementor-element-4f6a3f3 elementor-widget-divider--view-line elementor-widget elementor-widget-divider\" data-id=\"4f6a3f3\" data-element_type=\"widget\" data-widget_type=\"divider.default\">\n\t\t\t\t<div class=\"elementor-widget-container\">\n\t\t\t\t\t\t\t<div class=\"elementor-divider\">\n\t\t\t<span class=\"elementor-divider-separator\">\n\t\t\t\t\t\t<\/span>\n\t\t<\/div>\n\t\t\t\t\t\t<\/div>\n\t\t\t\t<\/div>\n\t\t\t\t<div class=\"elementor-element elementor-element-ce49f74 elementor-widget elementor-widget-heading\" data-id=\"ce49f74\" data-element_type=\"widget\" data-widget_type=\"heading.default\">\n\t\t\t\t<div class=\"elementor-widget-container\">\n\t\t\t\t\t<h2 class=\"elementor-heading-title elementor-size-default\">CLASSIQUE<\/h2>\t\t\t\t<\/div>\n\t\t\t\t<\/div>\n\t\t\t\t<\/div>\n\t\t<div class=\"elementor-element elementor-element-679da96 e-con-full e-flex e-con e-parent\" data-id=\"679da96\" data-element_type=\"container\" data-settings=\"{&quot;background_background&quot;:&quot;classic&quot;,&quot;shape_divider_bottom&quot;:&quot;tilt&quot;}\">\n\t\t\t\t<div class=\"elementor-shape elementor-shape-bottom\" aria-hidden=\"true\" data-negative=\"false\">\n\t\t\t<svg xmlns=\"http:\/\/www.w3.org\/2000\/svg\" viewBox=\"0 0 1000 100\" preserveAspectRatio=\"none\">\n\t<path class=\"elementor-shape-fill\" d=\"M0,6V0h1000v100L0,6z\"\/>\n<\/svg>\t\t<\/div>\n\t\t\t\t<div class=\"elementor-element elementor-element-46f8f2f elementor-widget elementor-widget-text-editor\" data-id=\"46f8f2f\" data-element_type=\"widget\" data-widget_type=\"text-editor.default\">\n\t\t\t\t<div class=\"elementor-widget-container\">\n\t\t\t\t\t\t\t\t\t<p style=\"text-align: center;\"><span style=\"color: #ffffff;\"><span dir=\"auto\" style=\"vertical-align: inherit;\">Nos cours de Danse Classique s&rsquo;adressent \u00e0 tous les enfants (filles ou gar\u00e7ons) \u00e0 partir de 5 ans. D\u00e9couvrez ou red\u00e9couvrez la danse dans des cours con\u00e7us pour tous les niveaux et tous les \u00e2ges dans une approche progressive permettant \u00e0 chacun d&rsquo;\u00e9voluer selon son rythme. Dans nos cours, vous d\u00e9couvrirez les mouvements fondamentaux tout en d\u00e9veloppant votre souplesse, votre posture et votre sens de l&rsquo;expression artistique.<\/span><\/span><\/p><p style=\"text-align: center;\"><span style=\"color: #ffffff;\"><span dir=\"auto\" style=\"vertical-align: inherit;\">Venez d\u00e9couvrir la danse lors de nos repr\u00e9sentations<\/span><\/span><\/p><p style=\"text-align: center;\"><span style=\"color: #ffffff;\"><span dir=\"auto\" style=\"vertical-align: inherit;\"> au <\/span><a style=\"color: #ffffff;\" href=\"https:\/\/ecolemusiquedanse-stgalmier.fr\/index.php\/agenda\/\"><strong><span dir=\"auto\" style=\"vertical-align: inherit;\">Spectacle Musique et Danse<\/span><\/strong><\/a> <\/span><\/p><p style=\"text-align: center;\"><span style=\"color: #ffffff;\"><span dir=\"auto\" style=\"vertical-align: inherit;\">et <\/span><\/span><\/p><p style=\"text-align: center;\"><span style=\"color: #ffffff;\"><span dir=\"auto\" style=\"vertical-align: inherit;\">au <\/span><strong><a style=\"color: #ffffff;\" href=\"https:\/\/ecolemusiquedanse-stgalmier.fr\/index.php\/agenda\/\"><span dir=\"auto\" style=\"vertical-align: inherit;\">Gala de fin d&rsquo;ann\u00e9e<\/span><\/a><span dir=\"auto\" style=\"vertical-align: inherit;\">.<\/span><\/strong><\/span><\/p>\t\t\t\t\t\t\t\t<\/div>\n\t\t\t\t<\/div>\n\t\t\t\t<\/div>\n\t\t<div class=\"elementor-element elementor-element-e69a573 e-con-full e-flex e-con e-parent\" data-id=\"e69a573\" data-element_type=\"container\">\n\t\t\t\t<div class=\"elementor-element elementor-element-8aed9f4 elementor-widget-tablet__width-initial elementor-widget elementor-widget-text-editor\" data-id=\"8aed9f4\" data-element_type=\"widget\" data-widget_type=\"text-editor.default\">\n\t\t\t\t<div class=\"elementor-widget-container\">\n\t\t\t\t\t\t\t\t\t<p><span style=\"color: #000000;\"><strong>Eveil <\/strong>: <\/span><\/p><p><span style=\"color: #000000;\">Mercredi\u00a0<\/span><span style=\"color: #000000;\"> 15h00 &#8211; 15h45<\/span><\/p><p><span style=\"color: #000000;\"><br \/><\/span><strong>Classique &#8211; DCG1<\/strong> <span style=\"font-style: inherit; font-weight: inherit;\">:<\/span><\/p><p><span style=\"font-style: inherit; font-weight: inherit;\"> Jeudi\u00a0<\/span><span style=\"font-style: inherit; font-weight: inherit;\">17h15 &#8211; 18h30<\/span><\/p><p><span style=\"font-style: inherit; font-weight: inherit;\">\u00a0<\/span><\/p><p><span style=\"color: #000000;\"><strong>Classique &#8211; DCG2 <\/strong>:<\/span><\/p><p><span style=\"color: #000000;\"> Jeudi\u00a0 <\/span><span style=\"font-style: inherit; font-weight: inherit;\">18h30 &#8211; 20h00<\/span><\/p><p>\u00a0<\/p><p><span style=\"color: #000000;\"><strong>Classique &#8211; DCG3 <\/strong>:<\/span><\/p><p><span style=\"color: #000000;\"> Mercredi\u00a0<\/span><span style=\"color: #000000;\">17h15 &#8211; 19h00<\/span><\/p>\t\t\t\t\t\t\t\t<\/div>\n\t\t\t\t<\/div>\n\t\t\t\t<\/div>\n\t\t\t\t<\/div>\n\t\t","protected":false},"excerpt":{"rendered":"<p>CLASSIQUE Nos cours de Danse Classique s&rsquo;adressent \u00e0 tous les enfants (filles ou gar\u00e7ons) \u00e0 partir de 5 ans. D\u00e9couvrez [&hellip;]<\/p>\n","protected":false},"author":3,"featured_media":0,"parent":0,"menu_order":0,"comment_status":"closed","ping_status":"closed","template":"","meta":{"_eb_attr":"","_uag_custom_page_level_css":"","site-sidebar-layout":"default","site-content-layout":"","ast-site-content-layout":"default","site-content-style":"default","site-sidebar-style":"default","ast-global-header-display":"","ast-banner-title-visibility":"","ast-main-header-display":"","ast-hfb-above-header-display":"","ast-hfb-below-header-display":"","ast-hfb-mobile-header-display":"","site-post-title":"","ast-breadcrumbs-content":"","ast-featured-img":"","footer-sml-layout":"","theme-transparent-header-meta":"","adv-header-id-meta":"","stick-header-meta":"","header-above-stick-meta":"","header-main-stick-meta":"","header-below-stick-meta":"","astra-migrate-meta-layouts":"default","ast-page-background-enabled":"default","ast-page-background-meta":{"desktop":{"background-color":"var(--ast-global-color-5)","background-image":"","background-repeat":"repeat","background-position":"center center","background-size":"auto","background-attachment":"scroll","background-type":"","background-media":"","overlay-type":"","overlay-color":"","overlay-opacity":"","overlay-gradient":""},"tablet":{"background-color":"","background-image":"","background-repeat":"repeat","background-position":"center center","background-size":"auto","background-attachment":"scroll","background-type":"","background-media":"","overlay-type":"","overlay-color":"","overlay-opacity":"","overlay-gradient":""},"mobile":{"background-color":"","background-image":"","background-repeat":"repeat","background-position":"center center","background-size":"auto","background-attachment":"scroll","background-type":"","background-media":"","overlay-type":"","overlay-color":"","overlay-opacity":"","overlay-gradient":""}},"ast-content-background-meta":{"desktop":{"background-color":"var(--ast-global-color-4)","background-image":"","background-repeat":"repeat","background-position":"center center","background-size":"auto","background-attachment":"scroll","background-type":"","background-media":"","overlay-type":"","overlay-color":"","overlay-opacity":"","overlay-gradient":""},"tablet":{"background-color":"var(--ast-global-color-4)","background-image":"","background-repeat":"repeat","background-position":"center center","background-size":"auto","background-attachment":"scroll","background-type":"","background-media":"","overlay-type":"","overlay-color":"","overlay-opacity":"","overlay-gradient":""},"mobile":{"background-color":"var(--ast-global-color-4)","background-image":"","background-repeat":"repeat","background-position":"center center","background-size":"auto","background-attachment":"scroll","background-type":"","background-media":"","overlay-type":"","overlay-color":"","overlay-opacity":"","overlay-gradient":""}},"footnotes":""},"class_list":["post-2723","page","type-page","status-publish","hentry"],"uagb_featured_image_src":{"full":false,"thumbnail":false,"medium":false,"medium_large":false,"large":false,"1536x1536":false,"2048x2048":false},"uagb_author_info":{"display_name":"therese","author_link":"https:\/\/ecolemusiquedanse-stgalmier.fr\/index.php\/author\/therese\/"},"uagb_comment_info":0,"uagb_excerpt":"CLASSIQUE Nos cours de Danse Classique s&rsquo;adressent \u00e0 tous les enfants (filles ou gar\u00e7ons) \u00e0 partir de 5 ans. D\u00e9couvrez [&hellip;]","_links":{"self":[{"href":"https:\/\/ecolemusiquedanse-stgalmier.fr\/index.php\/wp-json\/wp\/v2\/pages\/2723","targetHints":{"allow":["GET"]}}],"collection":[{"href":"https:\/\/ecolemusiquedanse-stgalmier.fr\/index.php\/wp-json\/wp\/v2\/pages"}],"about":[{"href":"https:\/\/ecolemusiquedanse-stgalmier.fr\/index.php\/wp-json\/wp\/v2\/types\/page"}],"author":[{"embeddable":true,"href":"https:\/\/ecolemusiquedanse-stgalmier.fr\/index.php\/wp-json\/wp\/v2\/users\/3"}],"replies":[{"embeddable":true,"href":"https:\/\/ecolemusiquedanse-stgalmier.fr\/index.php\/wp-json\/wp\/v2\/comments?post=2723"}],"version-history":[{"count":127,"href":"https:\/\/ecolemusiquedanse-stgalmier.fr\/index.php\/wp-json\/wp\/v2\/pages\/2723\/revisions"}],"predecessor-version":[{"id":7436,"href":"https:\/\/ecolemusiquedanse-stgalmier.fr\/index.php\/wp-json\/wp\/v2\/pages\/2723\/revisions\/7436"}],"wp:attachment":[{"href":"https:\/\/ecolemusiquedanse-stgalmier.fr\/index.php\/wp-json\/wp\/v2\/media?parent=2723"}],"curies":[{"name":"wp","href":"https:\/\/api.w.org\/{rel}","templated":true}]}}