{"id":2802,"date":"2020-05-11T18:07:05","date_gmt":"2020-05-11T16:07:05","guid":{"rendered":"http:\/\/ecolemusiquedanse-stgalmier.fr\/V2\/?page_id=2802"},"modified":"2026-03-13T16:27:13","modified_gmt":"2026-03-13T15:27:13","slug":"formation-musicale","status":"publish","type":"page","link":"https:\/\/ecolemusiquedanse-stgalmier.fr\/index.php\/formation-musicale\/","title":{"rendered":"FORMATION MUSICALE"},"content":{"rendered":"\t\t<div data-elementor-type=\"wp-page\" data-elementor-id=\"2802\" class=\"elementor elementor-2802\">\n\t\t\t\t<div class=\"elementor-element elementor-element-ffe0fd6 e-con-full e-flex e-con e-parent\" data-id=\"ffe0fd6\" data-element_type=\"container\" data-settings=\"{&quot;background_background&quot;:&quot;classic&quot;,&quot;shape_divider_top&quot;:&quot;tilt&quot;,&quot;shape_divider_bottom&quot;:&quot;tilt&quot;}\">\n\t\t\t\t<div class=\"elementor-shape elementor-shape-top\" aria-hidden=\"true\" data-negative=\"false\">\n\t\t\t<svg xmlns=\"http:\/\/www.w3.org\/2000\/svg\" viewBox=\"0 0 1000 100\" preserveAspectRatio=\"none\">\n\t<path class=\"elementor-shape-fill\" d=\"M0,6V0h1000v100L0,6z\"\/>\n<\/svg>\t\t<\/div>\n\t\t\t\t<div class=\"elementor-shape elementor-shape-bottom\" aria-hidden=\"true\" data-negative=\"false\">\n\t\t\t<svg xmlns=\"http:\/\/www.w3.org\/2000\/svg\" viewBox=\"0 0 1000 100\" preserveAspectRatio=\"none\">\n\t<path class=\"elementor-shape-fill\" d=\"M0,6V0h1000v100L0,6z\"\/>\n<\/svg>\t\t<\/div>\n\t\t\t\t<div class=\"elementor-element elementor-element-f41b7e9 elementor-widget-divider--view-line elementor-widget elementor-widget-divider\" data-id=\"f41b7e9\" data-element_type=\"widget\" data-widget_type=\"divider.default\">\n\t\t\t\t<div class=\"elementor-widget-container\">\n\t\t\t\t\t\t\t<div class=\"elementor-divider\">\n\t\t\t<span class=\"elementor-divider-separator\">\n\t\t\t\t\t\t<\/span>\n\t\t<\/div>\n\t\t\t\t\t\t<\/div>\n\t\t\t\t<\/div>\n\t\t\t\t<div class=\"elementor-element elementor-element-fdd511b elementor-widget elementor-widget-heading\" data-id=\"fdd511b\" data-element_type=\"widget\" data-widget_type=\"heading.default\">\n\t\t\t\t<div class=\"elementor-widget-container\">\n\t\t\t\t\t<h2 class=\"elementor-heading-title elementor-size-default\">FORMATION MUSICALE<\/h2>\t\t\t\t<\/div>\n\t\t\t\t<\/div>\n\t\t\t\t<\/div>\n\t\t<div class=\"elementor-element elementor-element-971d930 e-con-full e-flex e-con e-parent\" data-id=\"971d930\" data-element_type=\"container\" data-settings=\"{&quot;background_background&quot;:&quot;classic&quot;,&quot;shape_divider_bottom&quot;:&quot;tilt&quot;}\">\n\t\t\t\t<div class=\"elementor-shape elementor-shape-bottom\" aria-hidden=\"true\" data-negative=\"false\">\n\t\t\t<svg xmlns=\"http:\/\/www.w3.org\/2000\/svg\" viewBox=\"0 0 1000 100\" preserveAspectRatio=\"none\">\n\t<path class=\"elementor-shape-fill\" d=\"M0,6V0h1000v100L0,6z\"\/>\n<\/svg>\t\t<\/div>\n\t\t\t\t<div class=\"elementor-element elementor-element-55a22b8 elementor-widget elementor-widget-text-editor\" data-id=\"55a22b8\" data-element_type=\"widget\" data-widget_type=\"text-editor.default\">\n\t\t\t\t<div class=\"elementor-widget-container\">\n\t\t\t\t\t\t\t\t\t<p style=\"text-align: center;\"><span style=\"color: #ffffff;\">Les cours de formation musicale sont<strong> con\u00e7us pour tous ceux qui souhaitent approfondir leurs connaissances th\u00e9oriques et pratiques de la musique.<\/strong> Dans nos cours, vous apprendrez \u00e0 lire et \u00e9crire des partitions, comprendre les bases th\u00e9oriques et \u00e0 d\u00e9velopper votre oreille. <strong>Les cours sont ouverts \u00e0 tous, enfants et adultes, \u00e0 partir de 6 ans.<\/strong><\/span><\/p>\t\t\t\t\t\t\t\t<\/div>\n\t\t\t\t<\/div>\n\t\t\t\t<\/div>\n\t\t<div class=\"elementor-element elementor-element-77c9703 e-con-full e-flex e-con e-parent\" data-id=\"77c9703\" data-element_type=\"container\">\n\t\t\t\t<div class=\"elementor-element elementor-element-46d995c elementor-widget elementor-widget-text-editor\" data-id=\"46d995c\" data-element_type=\"widget\" data-widget_type=\"text-editor.default\">\n\t\t\t\t<div class=\"elementor-widget-container\">\n\t\t\t\t\t\t\t\t\t<p style=\"text-align: center;\"><span style=\"color: #000000;\"><strong><span style=\"color: #00ccff;\"><span style=\"color: #000000;\">FM INITIATION<\/span> <\/span><\/strong><span style=\"color: #00ccff;\"><span style=\"color: #000000;\">:<\/span><\/span><\/span><\/p><p style=\"text-align: center;\"><span style=\"color: #000000;\"> Mercredi &#8211; 9h00-10h15<\/span><\/p><p style=\"text-align: center;\"><br \/><span style=\"color: #000000;\"><span style=\"color: #00ccff;\"><strong><span style=\"color: #000000;\">FM 1CI<\/span> <\/strong><span style=\"color: #000000;\">: <\/span><\/span><\/span><\/p><p style=\"text-align: center;\"><span style=\"color: #000000;\">Mercredi &#8211; 9h45-11h00<\/span><\/p><p style=\"text-align: center;\"><br \/><span style=\"color: #000000;\"><strong><span style=\"color: #000000;\">FM 2CI <\/span><\/strong><span style=\"color: #000000;\">:<\/span><\/span><\/p><p style=\"text-align: center;\"><span style=\"color: #000000;\">Mercredi 11h00 &#8211; 12h15<\/span><\/p><p style=\"text-align: center;\"><br \/><span style=\"color: #000000;\"><span style=\"color: #00ccff;\"><strong><span style=\"color: #000000;\">FM 3CI <\/span><\/strong><span style=\"color: #000000;\">: <\/span><\/span><\/span><\/p><p style=\"text-align: center;\"><span style=\"color: #000000;\">Mercredi 13h30 &#8211; 15h15<\/span><\/p><p>\u00a0<\/p><p style=\"text-align: center;\"><strong>FM Fin CI <\/strong>:<\/p><p style=\"text-align: center;\">Mardi 18h00 &#8211; 19h15<\/p><p>\u00a0<\/p><p style=\"text-align: center;\"><strong>FM 1CII <\/strong>:<\/p><p style=\"text-align: center;\"><span style=\"color: #000000;\">Jeudi 18h00 &#8211; 19h15<\/span><\/p><p style=\"text-align: center;\"><br \/><strong>FM 2CII <\/strong>:<\/p><p style=\"text-align: center;\"><span style=\"color: #000000;\">Jeudi 19h15 &#8211; 20h30<\/span><\/p><p style=\"text-align: center;\"><br \/><strong>FM Fin CII<\/strong> :<\/p><p style=\"text-align: center;\">Mardi 19h15-20h45<\/p><p>\u00a0<\/p><p style=\"text-align: center;\"><strong>FM ADULTES <\/strong>:<\/p><p style=\"text-align: center;\"><span style=\"color: #000000;\">Jeudi 20h30 &#8211; 21h30<\/span><\/p>\t\t\t\t\t\t\t\t<\/div>\n\t\t\t\t<\/div>\n\t\t\t\t<\/div>\n\t\t\t\t<\/div>\n\t\t","protected":false},"excerpt":{"rendered":"<p>FORMATION MUSICALE Les cours de formation musicale sont con\u00e7us pour tous ceux qui souhaitent approfondir leurs connaissances th\u00e9oriques et pratiques [&hellip;]<\/p>\n","protected":false},"author":3,"featured_media":0,"parent":0,"menu_order":0,"comment_status":"closed","ping_status":"closed","template":"","meta":{"_eb_attr":"","_uag_custom_page_level_css":"","site-sidebar-layout":"default","site-content-layout":"","ast-site-content-layout":"default","site-content-style":"default","site-sidebar-style":"default","ast-global-header-display":"","ast-banner-title-visibility":"","ast-main-header-display":"","ast-hfb-above-header-display":"","ast-hfb-below-header-display":"","ast-hfb-mobile-header-display":"","site-post-title":"","ast-breadcrumbs-content":"","ast-featured-img":"","footer-sml-layout":"","theme-transparent-header-meta":"","adv-header-id-meta":"","stick-header-meta":"","header-above-stick-meta":"","header-main-stick-meta":"","header-below-stick-meta":"","astra-migrate-meta-layouts":"default","ast-page-background-enabled":"default","ast-page-background-meta":{"desktop":{"background-color":"var(--ast-global-color-5)","background-image":"","background-repeat":"repeat","background-position":"center center","background-size":"auto","background-attachment":"scroll","background-type":"","background-media":"","overlay-type":"","overlay-color":"","overlay-opacity":"","overlay-gradient":""},"tablet":{"background-color":"","background-image":"","background-repeat":"repeat","background-position":"center center","background-size":"auto","background-attachment":"scroll","background-type":"","background-media":"","overlay-type":"","overlay-color":"","overlay-opacity":"","overlay-gradient":""},"mobile":{"background-color":"","background-image":"","background-repeat":"repeat","background-position":"center center","background-size":"auto","background-attachment":"scroll","background-type":"","background-media":"","overlay-type":"","overlay-color":"","overlay-opacity":"","overlay-gradient":""}},"ast-content-background-meta":{"desktop":{"background-color":"var(--ast-global-color-4)","background-image":"","background-repeat":"repeat","background-position":"center center","background-size":"auto","background-attachment":"scroll","background-type":"","background-media":"","overlay-type":"","overlay-color":"","overlay-opacity":"","overlay-gradient":""},"tablet":{"background-color":"var(--ast-global-color-4)","background-image":"","background-repeat":"repeat","background-position":"center center","background-size":"auto","background-attachment":"scroll","background-type":"","background-media":"","overlay-type":"","overlay-color":"","overlay-opacity":"","overlay-gradient":""},"mobile":{"background-color":"var(--ast-global-color-4)","background-image":"","background-repeat":"repeat","background-position":"center center","background-size":"auto","background-attachment":"scroll","background-type":"","background-media":"","overlay-type":"","overlay-color":"","overlay-opacity":"","overlay-gradient":""}},"footnotes":""},"class_list":["post-2802","page","type-page","status-publish","hentry"],"uagb_featured_image_src":{"full":false,"thumbnail":false,"medium":false,"medium_large":false,"large":false,"1536x1536":false,"2048x2048":false},"uagb_author_info":{"display_name":"therese","author_link":"https:\/\/ecolemusiquedanse-stgalmier.fr\/index.php\/author\/therese\/"},"uagb_comment_info":0,"uagb_excerpt":"FORMATION MUSICALE Les cours de formation musicale sont con\u00e7us pour tous ceux qui souhaitent approfondir leurs connaissances th\u00e9oriques et pratiques [&hellip;]","_links":{"self":[{"href":"https:\/\/ecolemusiquedanse-stgalmier.fr\/index.php\/wp-json\/wp\/v2\/pages\/2802","targetHints":{"allow":["GET"]}}],"collection":[{"href":"https:\/\/ecolemusiquedanse-stgalmier.fr\/index.php\/wp-json\/wp\/v2\/pages"}],"about":[{"href":"https:\/\/ecolemusiquedanse-stgalmier.fr\/index.php\/wp-json\/wp\/v2\/types\/page"}],"author":[{"embeddable":true,"href":"https:\/\/ecolemusiquedanse-stgalmier.fr\/index.php\/wp-json\/wp\/v2\/users\/3"}],"replies":[{"embeddable":true,"href":"https:\/\/ecolemusiquedanse-stgalmier.fr\/index.php\/wp-json\/wp\/v2\/comments?post=2802"}],"version-history":[{"count":67,"href":"https:\/\/ecolemusiquedanse-stgalmier.fr\/index.php\/wp-json\/wp\/v2\/pages\/2802\/revisions"}],"predecessor-version":[{"id":7452,"href":"https:\/\/ecolemusiquedanse-stgalmier.fr\/index.php\/wp-json\/wp\/v2\/pages\/2802\/revisions\/7452"}],"wp:attachment":[{"href":"https:\/\/ecolemusiquedanse-stgalmier.fr\/index.php\/wp-json\/wp\/v2\/media?parent=2802"}],"curies":[{"name":"wp","href":"https:\/\/api.w.org\/{rel}","templated":true}]}}