{"id":2981,"date":"2020-06-04T18:08:04","date_gmt":"2020-06-04T16:08:04","guid":{"rendered":"http:\/\/ecolemusiquedanse-stgalmier.fr\/V2\/?page_id=2981"},"modified":"2026-03-11T16:14:19","modified_gmt":"2026-03-11T15:14:19","slug":"orchestres-dharmonie","status":"publish","type":"page","link":"https:\/\/ecolemusiquedanse-stgalmier.fr\/index.php\/orchestres-dharmonie\/","title":{"rendered":"ORCHESTRES D&rsquo;HARMONIES"},"content":{"rendered":"\t\t<div data-elementor-type=\"wp-page\" data-elementor-id=\"2981\" class=\"elementor elementor-2981\">\n\t\t\t\t<div class=\"elementor-element elementor-element-d8326e3 e-con-full e-flex e-con e-parent\" data-id=\"d8326e3\" data-element_type=\"container\" data-settings=\"{&quot;background_background&quot;:&quot;classic&quot;,&quot;shape_divider_top&quot;:&quot;tilt&quot;,&quot;shape_divider_bottom&quot;:&quot;tilt&quot;}\">\n\t\t\t\t<div class=\"elementor-shape elementor-shape-top\" aria-hidden=\"true\" data-negative=\"false\">\n\t\t\t<svg xmlns=\"http:\/\/www.w3.org\/2000\/svg\" viewBox=\"0 0 1000 100\" preserveAspectRatio=\"none\">\n\t<path class=\"elementor-shape-fill\" d=\"M0,6V0h1000v100L0,6z\"\/>\n<\/svg>\t\t<\/div>\n\t\t\t\t<div class=\"elementor-shape elementor-shape-bottom\" aria-hidden=\"true\" data-negative=\"false\">\n\t\t\t<svg xmlns=\"http:\/\/www.w3.org\/2000\/svg\" viewBox=\"0 0 1000 100\" preserveAspectRatio=\"none\">\n\t<path class=\"elementor-shape-fill\" d=\"M0,6V0h1000v100L0,6z\"\/>\n<\/svg>\t\t<\/div>\n\t\t\t\t<div class=\"elementor-element elementor-element-1166570 elementor-widget-divider--view-line elementor-widget elementor-widget-divider\" data-id=\"1166570\" data-element_type=\"widget\" data-widget_type=\"divider.default\">\n\t\t\t\t<div class=\"elementor-widget-container\">\n\t\t\t\t\t\t\t<div class=\"elementor-divider\">\n\t\t\t<span class=\"elementor-divider-separator\">\n\t\t\t\t\t\t<\/span>\n\t\t<\/div>\n\t\t\t\t\t\t<\/div>\n\t\t\t\t<\/div>\n\t\t\t\t<div class=\"elementor-element elementor-element-860b7d2 elementor-widget elementor-widget-heading\" data-id=\"860b7d2\" data-element_type=\"widget\" data-widget_type=\"heading.default\">\n\t\t\t\t<div class=\"elementor-widget-container\">\n\t\t\t\t\t<h2 class=\"elementor-heading-title elementor-size-default\">ORCHESTRES D'HARMONIES<\/h2>\t\t\t\t<\/div>\n\t\t\t\t<\/div>\n\t\t\t\t<\/div>\n\t\t<div class=\"elementor-element elementor-element-9303148 e-flex e-con-boxed e-con e-parent\" data-id=\"9303148\" data-element_type=\"container\" data-settings=\"{&quot;background_background&quot;:&quot;classic&quot;,&quot;shape_divider_bottom&quot;:&quot;tilt&quot;}\">\n\t\t\t\t\t<div class=\"e-con-inner\">\n\t\t\t\t<div class=\"elementor-shape elementor-shape-bottom\" aria-hidden=\"true\" data-negative=\"false\">\n\t\t\t<svg xmlns=\"http:\/\/www.w3.org\/2000\/svg\" viewBox=\"0 0 1000 100\" preserveAspectRatio=\"none\">\n\t<path class=\"elementor-shape-fill\" d=\"M0,6V0h1000v100L0,6z\"\/>\n<\/svg>\t\t<\/div>\n\t\t\t\t<div class=\"elementor-element elementor-element-4f290eb elementor-widget elementor-widget-text-editor\" data-id=\"4f290eb\" data-element_type=\"widget\" data-widget_type=\"text-editor.default\">\n\t\t\t\t<div class=\"elementor-widget-container\">\n\t\t\t\t\t\t\t\t\t<p style=\"text-align: center;\"><span style=\"color: #ffffff;\">Envie de partager la musique au sein d&rsquo;un orchestre ?\u00a0<\/span><br \/><span style=\"color: #ffffff;\">D\u00e9couvrez la pratique d&rsquo;orchestre avec :<\/span><\/p><p style=\"text-align: center;\"><span style=\"color: #ffffff;\">les <strong>Mini Bulles<\/strong><\/span><\/p><p style=\"text-align: center;\"><span style=\"color: #ffffff;\">ou approfondissez<\/span><\/p><p style=\"text-align: center;\"><span style=\"color: #ffffff;\">aux <strong>Bulles Junior<\/strong>.<\/span><\/p><p style=\"text-align: center;\"><span style=\"color: #ffffff;\">N&rsquo;h\u00e9sitez pas \u00e0 prendre contact avec nous pour choisir l&rsquo;orchestre le plus adapt\u00e9 \u00e0 vous !<\/span><\/p>\t\t\t\t\t\t\t\t<\/div>\n\t\t\t\t<\/div>\n\t\t\t\t\t<\/div>\n\t\t\t\t<\/div>\n\t\t<div class=\"elementor-element elementor-element-64296c8 e-con-full e-flex e-con e-parent\" data-id=\"64296c8\" data-element_type=\"container\">\n\t\t\t\t<div class=\"elementor-element elementor-element-8f1ac16 elementor-widget__width-initial elementor-widget elementor-widget-text-editor\" data-id=\"8f1ac16\" data-element_type=\"widget\" data-widget_type=\"text-editor.default\">\n\t\t\t\t<div class=\"elementor-widget-container\">\n\t\t\t\t\t\t\t\t\t<p><strong>MINI BULLES<\/strong><\/p>\t\t\t\t\t\t\t\t<\/div>\n\t\t\t\t<\/div>\n\t\t\t\t<\/div>\n\t\t<div class=\"elementor-element elementor-element-550e43c e-flex e-con-boxed e-con e-parent\" data-id=\"550e43c\" data-element_type=\"container\">\n\t\t\t\t\t<div class=\"e-con-inner\">\n\t\t\t\t<div class=\"elementor-element elementor-element-41aa21c elementor-widget__width-initial elementor-widget elementor-widget-text-editor\" data-id=\"41aa21c\" data-element_type=\"widget\" data-widget_type=\"text-editor.default\">\n\t\t\t\t<div class=\"elementor-widget-container\">\n\t\t\t\t\t\t\t\t\t<p><strong>Mercredi : 17h00 -18h15<\/strong><\/p><p>Sous la direction de Christophe<\/p>\t\t\t\t\t\t\t\t<\/div>\n\t\t\t\t<\/div>\n\t\t\t\t\t<\/div>\n\t\t\t\t<\/div>\n\t\t<div class=\"elementor-element elementor-element-ebedb82 e-flex e-con-boxed e-con e-parent\" data-id=\"ebedb82\" data-element_type=\"container\">\n\t\t\t\t\t<div class=\"e-con-inner\">\n\t\t\t\t<div class=\"elementor-element elementor-element-a0b0d95 elementor-widget__width-initial elementor-widget elementor-widget-text-editor\" data-id=\"a0b0d95\" data-element_type=\"widget\" data-widget_type=\"text-editor.default\">\n\t\t\t\t<div class=\"elementor-widget-container\">\n\t\t\t\t\t\t\t\t\t<p><strong>BULLES JUNIOR<\/strong>\u00a0<\/p>\t\t\t\t\t\t\t\t<\/div>\n\t\t\t\t<\/div>\n\t\t\t\t\t<\/div>\n\t\t\t\t<\/div>\n\t\t<div class=\"elementor-element elementor-element-ae6d7d0 e-flex e-con-boxed e-con e-parent\" data-id=\"ae6d7d0\" data-element_type=\"container\">\n\t\t\t\t\t<div class=\"e-con-inner\">\n\t\t\t\t<div class=\"elementor-element elementor-element-8fc6dc7 elementor-widget elementor-widget-text-editor\" data-id=\"8fc6dc7\" data-element_type=\"widget\" data-widget_type=\"text-editor.default\">\n\t\t\t\t<div class=\"elementor-widget-container\">\n\t\t\t\t\t\t\t\t\t<p style=\"text-align: center;\"><strong>Vendredi : 18h00-19h30<\/strong><\/p><p>Sous la direction de Christophe<\/p>\t\t\t\t\t\t\t\t<\/div>\n\t\t\t\t<\/div>\n\t\t\t\t\t<\/div>\n\t\t\t\t<\/div>\n\t\t\t\t<\/div>\n\t\t","protected":false},"excerpt":{"rendered":"<p>ORCHESTRES D&rsquo;HARMONIES Envie de partager la musique au sein d&rsquo;un orchestre ?\u00a0D\u00e9couvrez la pratique d&rsquo;orchestre avec : les Mini Bulles [&hellip;]<\/p>\n","protected":false},"author":3,"featured_media":0,"parent":0,"menu_order":0,"comment_status":"closed","ping_status":"closed","template":"","meta":{"_eb_attr":"","_uag_custom_page_level_css":"","site-sidebar-layout":"default","site-content-layout":"","ast-site-content-layout":"default","site-content-style":"default","site-sidebar-style":"default","ast-global-header-display":"","ast-banner-title-visibility":"","ast-main-header-display":"","ast-hfb-above-header-display":"","ast-hfb-below-header-display":"","ast-hfb-mobile-header-display":"","site-post-title":"","ast-breadcrumbs-content":"","ast-featured-img":"","footer-sml-layout":"","theme-transparent-header-meta":"","adv-header-id-meta":"","stick-header-meta":"","header-above-stick-meta":"","header-main-stick-meta":"","header-below-stick-meta":"","astra-migrate-meta-layouts":"default","ast-page-background-enabled":"default","ast-page-background-meta":{"desktop":{"background-color":"var(--ast-global-color-5)","background-image":"","background-repeat":"repeat","background-position":"center center","background-size":"auto","background-attachment":"scroll","background-type":"","background-media":"","overlay-type":"","overlay-color":"","overlay-opacity":"","overlay-gradient":""},"tablet":{"background-color":"","background-image":"","background-repeat":"repeat","background-position":"center center","background-size":"auto","background-attachment":"scroll","background-type":"","background-media":"","overlay-type":"","overlay-color":"","overlay-opacity":"","overlay-gradient":""},"mobile":{"background-color":"","background-image":"","background-repeat":"repeat","background-position":"center center","background-size":"auto","background-attachment":"scroll","background-type":"","background-media":"","overlay-type":"","overlay-color":"","overlay-opacity":"","overlay-gradient":""}},"ast-content-background-meta":{"desktop":{"background-color":"var(--ast-global-color-4)","background-image":"","background-repeat":"repeat","background-position":"center center","background-size":"auto","background-attachment":"scroll","background-type":"","background-media":"","overlay-type":"","overlay-color":"","overlay-opacity":"","overlay-gradient":""},"tablet":{"background-color":"var(--ast-global-color-4)","background-image":"","background-repeat":"repeat","background-position":"center center","background-size":"auto","background-attachment":"scroll","background-type":"","background-media":"","overlay-type":"","overlay-color":"","overlay-opacity":"","overlay-gradient":""},"mobile":{"background-color":"var(--ast-global-color-4)","background-image":"","background-repeat":"repeat","background-position":"center center","background-size":"auto","background-attachment":"scroll","background-type":"","background-media":"","overlay-type":"","overlay-color":"","overlay-opacity":"","overlay-gradient":""}},"footnotes":""},"class_list":["post-2981","page","type-page","status-publish","hentry"],"uagb_featured_image_src":{"full":false,"thumbnail":false,"medium":false,"medium_large":false,"large":false,"1536x1536":false,"2048x2048":false},"uagb_author_info":{"display_name":"therese","author_link":"https:\/\/ecolemusiquedanse-stgalmier.fr\/index.php\/author\/therese\/"},"uagb_comment_info":0,"uagb_excerpt":"ORCHESTRES D&rsquo;HARMONIES Envie de partager la musique au sein d&rsquo;un orchestre ?\u00a0D\u00e9couvrez la pratique d&rsquo;orchestre avec : les Mini Bulles [&hellip;]","_links":{"self":[{"href":"https:\/\/ecolemusiquedanse-stgalmier.fr\/index.php\/wp-json\/wp\/v2\/pages\/2981","targetHints":{"allow":["GET"]}}],"collection":[{"href":"https:\/\/ecolemusiquedanse-stgalmier.fr\/index.php\/wp-json\/wp\/v2\/pages"}],"about":[{"href":"https:\/\/ecolemusiquedanse-stgalmier.fr\/index.php\/wp-json\/wp\/v2\/types\/page"}],"author":[{"embeddable":true,"href":"https:\/\/ecolemusiquedanse-stgalmier.fr\/index.php\/wp-json\/wp\/v2\/users\/3"}],"replies":[{"embeddable":true,"href":"https:\/\/ecolemusiquedanse-stgalmier.fr\/index.php\/wp-json\/wp\/v2\/comments?post=2981"}],"version-history":[{"count":53,"href":"https:\/\/ecolemusiquedanse-stgalmier.fr\/index.php\/wp-json\/wp\/v2\/pages\/2981\/revisions"}],"predecessor-version":[{"id":7307,"href":"https:\/\/ecolemusiquedanse-stgalmier.fr\/index.php\/wp-json\/wp\/v2\/pages\/2981\/revisions\/7307"}],"wp:attachment":[{"href":"https:\/\/ecolemusiquedanse-stgalmier.fr\/index.php\/wp-json\/wp\/v2\/media?parent=2981"}],"curies":[{"name":"wp","href":"https:\/\/api.w.org\/{rel}","templated":true}]}}