{"id":3299,"date":"2021-04-29T17:39:02","date_gmt":"2021-04-29T15:39:02","guid":{"rendered":"https:\/\/ecolemusiquedanse-stgalmier.fr\/?page_id=3299"},"modified":"2025-12-02T15:11:23","modified_gmt":"2025-12-02T14:11:23","slug":"notre-ecole","status":"publish","type":"page","link":"https:\/\/ecolemusiquedanse-stgalmier.fr\/index.php\/notre-ecole\/","title":{"rendered":"NOTRE ECOLE"},"content":{"rendered":"\t\t<div data-elementor-type=\"wp-page\" data-elementor-id=\"3299\" class=\"elementor elementor-3299\">\n\t\t\t\t<div class=\"elementor-element elementor-element-e52668f e-flex e-con-boxed e-con e-parent\" data-id=\"e52668f\" data-element_type=\"container\">\n\t\t\t\t\t<div class=\"e-con-inner\">\n\t\t\t\t<div class=\"elementor-element elementor-element-ed409f8 elementor-widget__width-inherit elementor-widget elementor-widget-text-editor\" data-id=\"ed409f8\" data-element_type=\"widget\" data-widget_type=\"text-editor.default\">\n\t\t\t\t<div class=\"elementor-widget-container\">\n\t\t\t\t\t\t\t\t\t<h3 style=\"text-align: center;\"><span style=\"color: #0e71b4;\"><strong>Envie de d\u00e9couvrir la musique et\/ou la danse ?<\/strong><\/span><\/h3><p style=\"text-align: center;\">\u00c0 l&rsquo;\u00c9cole de Musique et de Danse de Saint-Galmier, nous croyons que la passion pour la musique et la danse peut na\u00eetre d\u00e8s le plus jeune \u00e2ge. C&rsquo;est pourquoi nous accueillons les \u00e9l\u00e8ves \u00e0 partir de la maternelle. D\u00e8s leurs premi\u00e8res ann\u00e9es, les enfants peuvent d\u00e9couvrir les bases de la musique et de la danse \u00e0 travers des activit\u00e9s ludiques et cr\u00e9atives afin d&rsquo;\u00e9veiller leurs sens et de nourrir leur curiosit\u00e9 artistique tout en leur offrant un cadre bienveillant au sein duquel ils pourront s&rsquo;\u00e9panouir.\u00a0<\/p><p style=\"text-align: center;\"><span style=\"color: #000000;\"><strong><span style=\"color: #0e71b4;\">La musique<\/span><br \/><\/strong><\/span>Que vous d\u00e9butiez la musique ou que vous cherchiez \u00e0 perfectionner votre technique, nos cours sont faits pour vous ! De la guitare \u00e0 la batterie, en passant par la fl\u00fbte traversi\u00e8re, le violon, la trompette, et bien d&rsquo;autres instruments encore, nos professeurs dipl\u00f4m\u00e9s vous accompagnent tout au long de votre apprentissage.\u00a0<\/p>\t\t\t\t\t\t\t\t<\/div>\n\t\t\t\t<\/div>\n\t\t\t\t\t<\/div>\n\t\t\t\t<\/div>\n\t\t<div class=\"elementor-element elementor-element-3d0d9e6 e-flex e-con-boxed e-con e-parent\" data-id=\"3d0d9e6\" data-element_type=\"container\">\n\t\t\t\t\t<div class=\"e-con-inner\">\n\t\t\t\t<div class=\"elementor-element elementor-element-6da1dad elementor-widget elementor-widget-text-editor\" data-id=\"6da1dad\" data-element_type=\"widget\" data-widget_type=\"text-editor.default\">\n\t\t\t\t<div class=\"elementor-widget-container\">\n\t\t\t\t\t\t\t\t\t<p style=\"text-align: center;\"><span style=\"color: #000000;\"><strong><span style=\"color: #0e71b4;\">La danse<\/span><br \/><\/strong>D\u00e9couvrez et approfondissez l&rsquo;art de la danse \u00e0 travers nos cours de danse Classique et Modern&rsquo;Jazz. Nos enseignants s&rsquo;adaptent \u00e0 chaque niveau et vous proposent des cours d\u00e8s l&rsquo;\u00e2ge de cinq ans.<\/span><\/p>\t\t\t\t\t\t\t\t<\/div>\n\t\t\t\t<\/div>\n\t\t\t\t\t<\/div>\n\t\t\t\t<\/div>\n\t\t<div class=\"elementor-element elementor-element-9992293 e-flex e-con-boxed e-con e-parent\" data-id=\"9992293\" data-element_type=\"container\">\n\t\t\t\t\t<div class=\"e-con-inner\">\n\t\t\t\t<div class=\"elementor-element elementor-element-527de7f elementor-widget elementor-widget-text-editor\" data-id=\"527de7f\" data-element_type=\"widget\" data-widget_type=\"text-editor.default\">\n\t\t\t\t<div class=\"elementor-widget-container\">\n\t\t\t\t\t\t\t\t\t<p style=\"text-align: center;\"><span style=\"color: #000000;\"><strong><span style=\"color: #0e71b4;\">Un lieu de vie et de cr\u00e9ation<\/span><br \/><\/strong>Au- del\u00e0 des cours, l&rsquo;\u00c9cole de Musique et de Danse est un v\u00e9ritable lieu de rencontre et d&rsquo;expression artistique. Chaque ann\u00e9e, nos \u00e9l\u00e8ves ont l&rsquo;opportunit\u00e9 de se produire lors de manifestations mettant en lumi\u00e8re leur talent et leur progression.\u00a0<\/span><\/p><p style=\"text-align: center;\"><span style=\"color: #000000;\"><strong><span style=\"color: #0e71b4;\">Rejoignez-nous<\/span><br \/><\/strong>Que vous souhaitiez d\u00e9couvrir un nouvel univers artistique ou approfondir vos comp\u00e9tences, notre \u00e9cole est l\u00e0 pour vous accompagner.\u00a0<\/span><br \/><span style=\"color: #000000;\">\u00c9veil musical, \u00e9veil \u00e0 la danse, pratique instrumentale, formation musicale, chorale ou ensemble vocal, orchestre, ateliers de pratique collective, venez trouver votre bonheur parmi nous !<\/span><\/p>\t\t\t\t\t\t\t\t<\/div>\n\t\t\t\t<\/div>\n\t\t\t\t\t<\/div>\n\t\t\t\t<\/div>\n\t\t<div class=\"elementor-element elementor-element-ee76eff e-flex e-con-boxed e-con e-parent\" data-id=\"ee76eff\" data-element_type=\"container\">\n\t\t\t\t\t<div class=\"e-con-inner\">\n\t\t\t\t<div class=\"elementor-element elementor-element-4696930 e-transform elementor-widget__width-initial elementor-widget elementor-widget-button\" data-id=\"4696930\" data-element_type=\"widget\" data-settings=\"{&quot;_transform_scale_effect&quot;:{&quot;unit&quot;:&quot;px&quot;,&quot;size&quot;:1.2,&quot;sizes&quot;:[]},&quot;_transform_scale_effect_tablet&quot;:{&quot;unit&quot;:&quot;px&quot;,&quot;size&quot;:&quot;&quot;,&quot;sizes&quot;:[]},&quot;_transform_scale_effect_mobile&quot;:{&quot;unit&quot;:&quot;px&quot;,&quot;size&quot;:&quot;&quot;,&quot;sizes&quot;:[]}}\" data-widget_type=\"button.default\">\n\t\t\t\t<div class=\"elementor-widget-container\">\n\t\t\t\t\t\t\t\t\t<div class=\"elementor-button-wrapper\">\n\t\t\t\t\t<a class=\"elementor-button elementor-button-link elementor-size-sm\" href=\"https:\/\/ecolemusiquedanse-stgalmier.fr\/index.php\/brouillon-nouvelle-page-disciplines\/\">\n\t\t\t\t\t\t<span class=\"elementor-button-content-wrapper\">\n\t\t\t\t\t\t\t\t\t<span class=\"elementor-button-text\">D\u00c9COUVREZ NOS DISCIPLINES<\/span>\n\t\t\t\t\t<\/span>\n\t\t\t\t\t<\/a>\n\t\t\t\t<\/div>\n\t\t\t\t\t\t\t\t<\/div>\n\t\t\t\t<\/div>\n\t\t\t\t\t<\/div>\n\t\t\t\t<\/div>\n\t\t\t\t<\/div>\n\t\t","protected":false},"excerpt":{"rendered":"<p>Envie de d\u00e9couvrir la musique et\/ou la danse ? \u00c0 l&rsquo;\u00c9cole de Musique et de Danse de Saint-Galmier, nous croyons [&hellip;]<\/p>\n","protected":false},"author":3,"featured_media":0,"parent":0,"menu_order":0,"comment_status":"closed","ping_status":"closed","template":"","meta":{"_eb_attr":"","_uag_custom_page_level_css":"","site-sidebar-layout":"default","site-content-layout":"","ast-site-content-layout":"default","site-content-style":"default","site-sidebar-style":"default","ast-global-header-display":"","ast-banner-title-visibility":"","ast-main-header-display":"","ast-hfb-above-header-display":"","ast-hfb-below-header-display":"","ast-hfb-mobile-header-display":"","site-post-title":"","ast-breadcrumbs-content":"","ast-featured-img":"","footer-sml-layout":"","theme-transparent-header-meta":"","adv-header-id-meta":"","stick-header-meta":"","header-above-stick-meta":"","header-main-stick-meta":"","header-below-stick-meta":"","astra-migrate-meta-layouts":"default","ast-page-background-enabled":"default","ast-page-background-meta":{"desktop":{"background-color":"var(--ast-global-color-5)","background-image":"","background-repeat":"repeat","background-position":"center center","background-size":"auto","background-attachment":"scroll","background-type":"","background-media":"","overlay-type":"","overlay-color":"","overlay-opacity":"","overlay-gradient":""},"tablet":{"background-color":"","background-image":"","background-repeat":"repeat","background-position":"center center","background-size":"auto","background-attachment":"scroll","background-type":"","background-media":"","overlay-type":"","overlay-color":"","overlay-opacity":"","overlay-gradient":""},"mobile":{"background-color":"","background-image":"","background-repeat":"repeat","background-position":"center center","background-size":"auto","background-attachment":"scroll","background-type":"","background-media":"","overlay-type":"","overlay-color":"","overlay-opacity":"","overlay-gradient":""}},"ast-content-background-meta":{"desktop":{"background-color":"var(--ast-global-color-4)","background-image":"","background-repeat":"repeat","background-position":"center center","background-size":"auto","background-attachment":"scroll","background-type":"","background-media":"","overlay-type":"","overlay-color":"","overlay-opacity":"","overlay-gradient":""},"tablet":{"background-color":"var(--ast-global-color-4)","background-image":"","background-repeat":"repeat","background-position":"center center","background-size":"auto","background-attachment":"scroll","background-type":"","background-media":"","overlay-type":"","overlay-color":"","overlay-opacity":"","overlay-gradient":""},"mobile":{"background-color":"var(--ast-global-color-4)","background-image":"","background-repeat":"repeat","background-position":"center center","background-size":"auto","background-attachment":"scroll","background-type":"","background-media":"","overlay-type":"","overlay-color":"","overlay-opacity":"","overlay-gradient":""}},"footnotes":""},"class_list":["post-3299","page","type-page","status-publish","hentry"],"uagb_featured_image_src":{"full":false,"thumbnail":false,"medium":false,"medium_large":false,"large":false,"1536x1536":false,"2048x2048":false},"uagb_author_info":{"display_name":"therese","author_link":"https:\/\/ecolemusiquedanse-stgalmier.fr\/index.php\/author\/therese\/"},"uagb_comment_info":0,"uagb_excerpt":"Envie de d\u00e9couvrir la musique et\/ou la danse ? \u00c0 l&rsquo;\u00c9cole de Musique et de Danse de Saint-Galmier, nous croyons [&hellip;]","_links":{"self":[{"href":"https:\/\/ecolemusiquedanse-stgalmier.fr\/index.php\/wp-json\/wp\/v2\/pages\/3299","targetHints":{"allow":["GET"]}}],"collection":[{"href":"https:\/\/ecolemusiquedanse-stgalmier.fr\/index.php\/wp-json\/wp\/v2\/pages"}],"about":[{"href":"https:\/\/ecolemusiquedanse-stgalmier.fr\/index.php\/wp-json\/wp\/v2\/types\/page"}],"author":[{"embeddable":true,"href":"https:\/\/ecolemusiquedanse-stgalmier.fr\/index.php\/wp-json\/wp\/v2\/users\/3"}],"replies":[{"embeddable":true,"href":"https:\/\/ecolemusiquedanse-stgalmier.fr\/index.php\/wp-json\/wp\/v2\/comments?post=3299"}],"version-history":[{"count":126,"href":"https:\/\/ecolemusiquedanse-stgalmier.fr\/index.php\/wp-json\/wp\/v2\/pages\/3299\/revisions"}],"predecessor-version":[{"id":6383,"href":"https:\/\/ecolemusiquedanse-stgalmier.fr\/index.php\/wp-json\/wp\/v2\/pages\/3299\/revisions\/6383"}],"wp:attachment":[{"href":"https:\/\/ecolemusiquedanse-stgalmier.fr\/index.php\/wp-json\/wp\/v2\/media?parent=3299"}],"curies":[{"name":"wp","href":"https:\/\/api.w.org\/{rel}","templated":true}]}}