{"id":4208,"date":"2024-06-05T11:42:49","date_gmt":"2024-06-05T09:42:49","guid":{"rendered":"https:\/\/ecolemusiquedanse-stgalmier.fr\/?page_id=4208"},"modified":"2025-07-02T10:39:51","modified_gmt":"2025-07-02T08:39:51","slug":"jour-et-horaire-de-cours","status":"publish","type":"page","link":"https:\/\/ecolemusiquedanse-stgalmier.fr\/index.php\/jour-et-horaire-de-cours\/","title":{"rendered":"PLANNING DES COURS"},"content":{"rendered":"\t\t<div data-elementor-type=\"wp-page\" data-elementor-id=\"4208\" class=\"elementor elementor-4208\">\n\t\t\t\t<div class=\"elementor-element elementor-element-32d31b4 e-flex e-con-boxed e-con e-parent\" data-id=\"32d31b4\" data-element_type=\"container\">\n\t\t\t\t\t<div class=\"e-con-inner\">\n\t\t<div class=\"elementor-element elementor-element-2d2dadb e-con-full e-flex e-con e-child\" data-id=\"2d2dadb\" data-element_type=\"container\">\n\t\t\t\t<div class=\"elementor-element elementor-element-fd2f5dc elementor-widget__width-initial e-transform elementor-widget elementor-widget-heading\" data-id=\"fd2f5dc\" data-element_type=\"widget\" data-settings=\"{&quot;_transform_scale_effect&quot;:{&quot;unit&quot;:&quot;px&quot;,&quot;size&quot;:&quot;&quot;,&quot;sizes&quot;:[]},&quot;_transform_scale_effect_tablet&quot;:{&quot;unit&quot;:&quot;px&quot;,&quot;size&quot;:&quot;&quot;,&quot;sizes&quot;:[]},&quot;_transform_scale_effect_mobile&quot;:{&quot;unit&quot;:&quot;px&quot;,&quot;size&quot;:&quot;&quot;,&quot;sizes&quot;:[]}}\" data-widget_type=\"heading.default\">\n\t\t\t\t<div class=\"elementor-widget-container\">\n\t\t\t\t\t<h1 class=\"elementor-heading-title elementor-size-default\">PLANNING DES COURS  2024-2025<\/h1>\t\t\t\t<\/div>\n\t\t\t\t<\/div>\n\t\t\t\t<\/div>\n\t\t\t\t\t<\/div>\n\t\t\t\t<\/div>\n\t\t<div class=\"elementor-element elementor-element-9693758 e-flex e-con-boxed e-con e-parent\" data-id=\"9693758\" data-element_type=\"container\">\n\t\t\t\t\t<div class=\"e-con-inner\">\n\t\t\t\t<div class=\"elementor-element elementor-element-ae17f52 elementor-widget elementor-widget-text-editor\" data-id=\"ae17f52\" data-element_type=\"widget\" data-widget_type=\"text-editor.default\">\n\t\t\t\t<div class=\"elementor-widget-container\">\n\t\t\t\t\t\t\t\t\t<p style=\"text-align: center;\"><span style=\"color: #0e71b4;\"><strong>COURS INDIVIDUELS<\/strong><\/span><\/p>\n<p style=\"text-align: center;\">Les horaires des cours individuels d&rsquo;instruments et de technique vocale sont \u00e0 d\u00e9finir avec les professeurs concern\u00e9s selon leur jour de pr\u00e9sence \u00e0 l&rsquo;\u00e9cole de musique.<\/p>\n<p style=\"text-align: center;\"><span style=\"color: #0e71b4;\"><strong>PRATIQUES COLLECTIVES 2025 &#8211; 2026<\/strong><\/span><\/p>\t\t\t\t\t\t\t\t<\/div>\n\t\t\t\t<\/div>\n\t\t\t\t\t<\/div>\n\t\t\t\t<\/div>\n\t\t\t\t<\/div>\n\t\t","protected":false},"excerpt":{"rendered":"<p>PLANNING DES COURS 2024-2025 COURS INDIVIDUELS Les horaires des cours individuels d&rsquo;instruments et de technique vocale sont \u00e0 d\u00e9finir avec [&hellip;]<\/p>\n","protected":false},"author":3,"featured_media":0,"parent":0,"menu_order":0,"comment_status":"closed","ping_status":"closed","template":"","meta":{"_eb_attr":"","_uag_custom_page_level_css":"","site-sidebar-layout":"default","site-content-layout":"","ast-site-content-layout":"default","site-content-style":"default","site-sidebar-style":"default","ast-global-header-display":"","ast-banner-title-visibility":"","ast-main-header-display":"","ast-hfb-above-header-display":"","ast-hfb-below-header-display":"","ast-hfb-mobile-header-display":"","site-post-title":"","ast-breadcrumbs-content":"","ast-featured-img":"","footer-sml-layout":"","theme-transparent-header-meta":"","adv-header-id-meta":"","stick-header-meta":"","header-above-stick-meta":"","header-main-stick-meta":"","header-below-stick-meta":"","astra-migrate-meta-layouts":"default","ast-page-background-enabled":"default","ast-page-background-meta":{"desktop":{"background-color":"var(--ast-global-color-5)","background-image":"","background-repeat":"repeat","background-position":"center center","background-size":"auto","background-attachment":"scroll","background-type":"","background-media":"","overlay-type":"","overlay-color":"","overlay-opacity":"","overlay-gradient":""},"tablet":{"background-color":"","background-image":"","background-repeat":"repeat","background-position":"center center","background-size":"auto","background-attachment":"scroll","background-type":"","background-media":"","overlay-type":"","overlay-color":"","overlay-opacity":"","overlay-gradient":""},"mobile":{"background-color":"","background-image":"","background-repeat":"repeat","background-position":"center center","background-size":"auto","background-attachment":"scroll","background-type":"","background-media":"","overlay-type":"","overlay-color":"","overlay-opacity":"","overlay-gradient":""}},"ast-content-background-meta":{"desktop":{"background-color":"var(--ast-global-color-4)","background-image":"","background-repeat":"repeat","background-position":"center center","background-size":"auto","background-attachment":"scroll","background-type":"","background-media":"","overlay-type":"","overlay-color":"","overlay-opacity":"","overlay-gradient":""},"tablet":{"background-color":"var(--ast-global-color-4)","background-image":"","background-repeat":"repeat","background-position":"center center","background-size":"auto","background-attachment":"scroll","background-type":"","background-media":"","overlay-type":"","overlay-color":"","overlay-opacity":"","overlay-gradient":""},"mobile":{"background-color":"var(--ast-global-color-4)","background-image":"","background-repeat":"repeat","background-position":"center center","background-size":"auto","background-attachment":"scroll","background-type":"","background-media":"","overlay-type":"","overlay-color":"","overlay-opacity":"","overlay-gradient":""}},"footnotes":""},"class_list":["post-4208","page","type-page","status-publish","hentry"],"uagb_featured_image_src":{"full":false,"thumbnail":false,"medium":false,"medium_large":false,"large":false,"1536x1536":false,"2048x2048":false},"uagb_author_info":{"display_name":"therese","author_link":"https:\/\/ecolemusiquedanse-stgalmier.fr\/index.php\/author\/therese\/"},"uagb_comment_info":0,"uagb_excerpt":"PLANNING DES COURS 2024-2025 COURS INDIVIDUELS Les horaires des cours individuels d&rsquo;instruments et de technique vocale sont \u00e0 d\u00e9finir avec [&hellip;]","_links":{"self":[{"href":"https:\/\/ecolemusiquedanse-stgalmier.fr\/index.php\/wp-json\/wp\/v2\/pages\/4208","targetHints":{"allow":["GET"]}}],"collection":[{"href":"https:\/\/ecolemusiquedanse-stgalmier.fr\/index.php\/wp-json\/wp\/v2\/pages"}],"about":[{"href":"https:\/\/ecolemusiquedanse-stgalmier.fr\/index.php\/wp-json\/wp\/v2\/types\/page"}],"author":[{"embeddable":true,"href":"https:\/\/ecolemusiquedanse-stgalmier.fr\/index.php\/wp-json\/wp\/v2\/users\/3"}],"replies":[{"embeddable":true,"href":"https:\/\/ecolemusiquedanse-stgalmier.fr\/index.php\/wp-json\/wp\/v2\/comments?post=4208"}],"version-history":[{"count":82,"href":"https:\/\/ecolemusiquedanse-stgalmier.fr\/index.php\/wp-json\/wp\/v2\/pages\/4208\/revisions"}],"predecessor-version":[{"id":6201,"href":"https:\/\/ecolemusiquedanse-stgalmier.fr\/index.php\/wp-json\/wp\/v2\/pages\/4208\/revisions\/6201"}],"wp:attachment":[{"href":"https:\/\/ecolemusiquedanse-stgalmier.fr\/index.php\/wp-json\/wp\/v2\/media?parent=4208"}],"curies":[{"name":"wp","href":"https:\/\/api.w.org\/{rel}","templated":true}]}}