{"id":5377,"date":"2024-12-05T15:38:50","date_gmt":"2024-12-05T14:38:50","guid":{"rendered":"https:\/\/ecolemusiquedanse-stgalmier.fr\/?page_id=5377"},"modified":"2026-03-11T17:37:40","modified_gmt":"2026-03-11T16:37:40","slug":"reglement","status":"publish","type":"page","link":"https:\/\/ecolemusiquedanse-stgalmier.fr\/index.php\/reglement\/","title":{"rendered":"R\u00c8GLEMENT DE L&rsquo;INSCRIPTION"},"content":{"rendered":"\t\t<div data-elementor-type=\"wp-page\" data-elementor-id=\"5377\" class=\"elementor elementor-5377\">\n\t\t\t\t<div class=\"elementor-element elementor-element-bc1076b e-flex e-con-boxed e-con e-parent\" data-id=\"bc1076b\" data-element_type=\"container\" data-settings=\"{&quot;background_background&quot;:&quot;classic&quot;,&quot;shape_divider_top&quot;:&quot;tilt&quot;,&quot;shape_divider_bottom&quot;:&quot;tilt&quot;}\">\n\t\t\t\t\t<div class=\"e-con-inner\">\n\t\t\t\t<div class=\"elementor-shape elementor-shape-top\" aria-hidden=\"true\" data-negative=\"false\">\n\t\t\t<svg xmlns=\"http:\/\/www.w3.org\/2000\/svg\" viewBox=\"0 0 1000 100\" preserveAspectRatio=\"none\">\n\t<path class=\"elementor-shape-fill\" d=\"M0,6V0h1000v100L0,6z\"\/>\n<\/svg>\t\t<\/div>\n\t\t\t\t<div class=\"elementor-shape elementor-shape-bottom\" aria-hidden=\"true\" data-negative=\"false\">\n\t\t\t<svg xmlns=\"http:\/\/www.w3.org\/2000\/svg\" viewBox=\"0 0 1000 100\" preserveAspectRatio=\"none\">\n\t<path class=\"elementor-shape-fill\" d=\"M0,6V0h1000v100L0,6z\"\/>\n<\/svg>\t\t<\/div>\n\t\t\t\t<div class=\"elementor-element elementor-element-cd9d0df elementor-widget-divider--view-line elementor-widget elementor-widget-divider\" data-id=\"cd9d0df\" data-element_type=\"widget\" data-widget_type=\"divider.default\">\n\t\t\t\t<div class=\"elementor-widget-container\">\n\t\t\t\t\t\t\t<div class=\"elementor-divider\">\n\t\t\t<span class=\"elementor-divider-separator\">\n\t\t\t\t\t\t<\/span>\n\t\t<\/div>\n\t\t\t\t\t\t<\/div>\n\t\t\t\t<\/div>\n\t\t\t\t<div class=\"elementor-element elementor-element-0665a64 elementor-widget elementor-widget-heading\" data-id=\"0665a64\" data-element_type=\"widget\" data-widget_type=\"heading.default\">\n\t\t\t\t<div class=\"elementor-widget-container\">\n\t\t\t\t\t<h2 class=\"elementor-heading-title elementor-size-default\">r\u00c8glement <\/h2>\t\t\t\t<\/div>\n\t\t\t\t<\/div>\n\t\t\t\t\t<\/div>\n\t\t\t\t<\/div>\n\t\t<div class=\"elementor-element elementor-element-0ffa80a e-flex e-con-boxed e-con e-parent\" data-id=\"0ffa80a\" data-element_type=\"container\" data-settings=\"{&quot;background_background&quot;:&quot;classic&quot;,&quot;shape_divider_bottom&quot;:&quot;tilt&quot;}\">\n\t\t\t\t\t<div class=\"e-con-inner\">\n\t\t\t\t<div class=\"elementor-shape elementor-shape-bottom\" aria-hidden=\"true\" data-negative=\"false\">\n\t\t\t<svg xmlns=\"http:\/\/www.w3.org\/2000\/svg\" viewBox=\"0 0 1000 100\" preserveAspectRatio=\"none\">\n\t<path class=\"elementor-shape-fill\" d=\"M0,6V0h1000v100L0,6z\"\/>\n<\/svg>\t\t<\/div>\n\t\t\t\t<div class=\"elementor-element elementor-element-6eb45f3 elementor-widget elementor-widget-heading\" data-id=\"6eb45f3\" data-element_type=\"widget\" data-widget_type=\"heading.default\">\n\t\t\t\t<div class=\"elementor-widget-container\">\n\t\t\t\t\t<h2 class=\"elementor-heading-title elementor-size-default\">DE L'INSCRIPTION<\/h2>\t\t\t\t<\/div>\n\t\t\t\t<\/div>\n\t\t\t\t\t<\/div>\n\t\t\t\t<\/div>\n\t\t<div class=\"elementor-element elementor-element-5b86ad4 e-flex e-con-boxed e-con e-parent\" data-id=\"5b86ad4\" data-element_type=\"container\">\n\t\t\t\t\t<div class=\"e-con-inner\">\n\t\t\t\t<div class=\"elementor-element elementor-element-c99903c elementor-widget elementor-widget-text-editor\" data-id=\"c99903c\" data-element_type=\"widget\" data-widget_type=\"text-editor.default\">\n\t\t\t\t<div class=\"elementor-widget-container\">\n\t\t\t\t\t\t\t\t\t<p style=\"text-align: center;\"><span style=\"text-decoration: underline;\"><span style=\"color: #003366;\"><strong>Adh\u00e9sion \u00e0 l&rsquo;association<\/strong><\/span><\/span><br \/>Une adh\u00e9sion de 23\u20ac \u00e0 l&rsquo;association est obligatoire pour toute inscription. Vous b\u00e9n\u00e9ficierez d&rsquo;une <strong>adh\u00e9sion familiale (46\u20ac) \u00e0 partir du deuxi\u00e8me \u00e9l\u00e8ve inscrit \u00e0 l&rsquo;\u00e9cole.<\/strong><\/p><p style=\"text-align: center;\"><span style=\"text-decoration: underline;\"><span style=\"color: #003366;\"><strong>Paiement<\/strong><\/span><\/span><br \/>Le r\u00e8glement de l&rsquo;adh\u00e9sion \u00e0 l&rsquo;association est \u00e0 part et doit \u00eatre effectu\u00e9 au moment de l&rsquo;inscription.<br \/>Plusieurs ch\u00e8ques vous seront demand\u00e9s si vous souhaitez proc\u00e9der \u00e0 un r\u00e8glement en plusieurs fois. <br \/><strong>Il est possible de r\u00e9gler en 1, 3, 6 ou 9 fois.<\/strong><\/p><p style=\"text-align: center;\"><span style=\"text-decoration: underline;\"><span style=\"color: #003366;\"><strong>Engagement<\/strong><\/span><\/span><br \/><strong>En cas d&rsquo;abandon en cours d&rsquo;ann\u00e9e, aucun remboursement ne sera effectu\u00e9.\u00a0<\/strong><br \/>Conform\u00e9ment au r\u00e8glement int\u00e9rieur, l&rsquo;inscription \u00e0 un cursus comprenant Pratique Collective et Formation Musicale est obligatoire pour les \u00e9l\u00e8ves de 15 ans et moins.\u00a0<\/p><p style=\"text-align: center;\"><span style=\"text-decoration: underline;\"><span style=\"color: #003366;\"><strong>Modes de r\u00e8glements accept\u00e9s<\/strong><\/span><\/span><br \/><strong>Ch\u00e8ques<\/strong><br \/><strong>Esp\u00e8ces<\/strong><br \/><strong>Ch\u00e8ques Vacances<\/strong> (<em>hors adh\u00e9sion \u00e0 l&rsquo;association<\/em>)<br \/><strong>Coupons Sport<\/strong> (<em>uniquement pour les cours de danse<\/em>)<\/p><p style=\"text-align: center;\">N&rsquo;h\u00e9sitez pas \u00e0 prendre contact avec nous pour toute demande d&rsquo;information concernant les tarifs des cours.<\/p>\t\t\t\t\t\t\t\t<\/div>\n\t\t\t\t<\/div>\n\t\t\t\t\t<\/div>\n\t\t\t\t<\/div>\n\t\t\t\t<\/div>\n\t\t","protected":false},"excerpt":{"rendered":"<p>r\u00c8glement DE L&rsquo;INSCRIPTION Adh\u00e9sion \u00e0 l&rsquo;associationUne adh\u00e9sion de 23\u20ac \u00e0 l&rsquo;association est obligatoire pour toute inscription. Vous b\u00e9n\u00e9ficierez d&rsquo;une adh\u00e9sion [&hellip;]<\/p>\n","protected":false},"author":3,"featured_media":0,"parent":0,"menu_order":0,"comment_status":"closed","ping_status":"closed","template":"","meta":{"_eb_attr":"","_uag_custom_page_level_css":"","site-sidebar-layout":"default","site-content-layout":"","ast-site-content-layout":"default","site-content-style":"default","site-sidebar-style":"default","ast-global-header-display":"","ast-banner-title-visibility":"","ast-main-header-display":"","ast-hfb-above-header-display":"","ast-hfb-below-header-display":"","ast-hfb-mobile-header-display":"","site-post-title":"","ast-breadcrumbs-content":"","ast-featured-img":"","footer-sml-layout":"","theme-transparent-header-meta":"","adv-header-id-meta":"","stick-header-meta":"","header-above-stick-meta":"","header-main-stick-meta":"","header-below-stick-meta":"","astra-migrate-meta-layouts":"default","ast-page-background-enabled":"default","ast-page-background-meta":{"desktop":{"background-color":"var(--ast-global-color-5)","background-image":"","background-repeat":"repeat","background-position":"center center","background-size":"auto","background-attachment":"scroll","background-type":"","background-media":"","overlay-type":"","overlay-color":"","overlay-opacity":"","overlay-gradient":""},"tablet":{"background-color":"","background-image":"","background-repeat":"repeat","background-position":"center center","background-size":"auto","background-attachment":"scroll","background-type":"","background-media":"","overlay-type":"","overlay-color":"","overlay-opacity":"","overlay-gradient":""},"mobile":{"background-color":"","background-image":"","background-repeat":"repeat","background-position":"center center","background-size":"auto","background-attachment":"scroll","background-type":"","background-media":"","overlay-type":"","overlay-color":"","overlay-opacity":"","overlay-gradient":""}},"ast-content-background-meta":{"desktop":{"background-color":"var(--ast-global-color-4)","background-image":"","background-repeat":"repeat","background-position":"center center","background-size":"auto","background-attachment":"scroll","background-type":"","background-media":"","overlay-type":"","overlay-color":"","overlay-opacity":"","overlay-gradient":""},"tablet":{"background-color":"var(--ast-global-color-4)","background-image":"","background-repeat":"repeat","background-position":"center center","background-size":"auto","background-attachment":"scroll","background-type":"","background-media":"","overlay-type":"","overlay-color":"","overlay-opacity":"","overlay-gradient":""},"mobile":{"background-color":"var(--ast-global-color-4)","background-image":"","background-repeat":"repeat","background-position":"center center","background-size":"auto","background-attachment":"scroll","background-type":"","background-media":"","overlay-type":"","overlay-color":"","overlay-opacity":"","overlay-gradient":""}},"footnotes":""},"class_list":["post-5377","page","type-page","status-publish","hentry"],"uagb_featured_image_src":{"full":false,"thumbnail":false,"medium":false,"medium_large":false,"large":false,"1536x1536":false,"2048x2048":false},"uagb_author_info":{"display_name":"therese","author_link":"https:\/\/ecolemusiquedanse-stgalmier.fr\/index.php\/author\/therese\/"},"uagb_comment_info":0,"uagb_excerpt":"r\u00c8glement DE L&rsquo;INSCRIPTION Adh\u00e9sion \u00e0 l&rsquo;associationUne adh\u00e9sion de 23\u20ac \u00e0 l&rsquo;association est obligatoire pour toute inscription. Vous b\u00e9n\u00e9ficierez d&rsquo;une adh\u00e9sion [&hellip;]","_links":{"self":[{"href":"https:\/\/ecolemusiquedanse-stgalmier.fr\/index.php\/wp-json\/wp\/v2\/pages\/5377","targetHints":{"allow":["GET"]}}],"collection":[{"href":"https:\/\/ecolemusiquedanse-stgalmier.fr\/index.php\/wp-json\/wp\/v2\/pages"}],"about":[{"href":"https:\/\/ecolemusiquedanse-stgalmier.fr\/index.php\/wp-json\/wp\/v2\/types\/page"}],"author":[{"embeddable":true,"href":"https:\/\/ecolemusiquedanse-stgalmier.fr\/index.php\/wp-json\/wp\/v2\/users\/3"}],"replies":[{"embeddable":true,"href":"https:\/\/ecolemusiquedanse-stgalmier.fr\/index.php\/wp-json\/wp\/v2\/comments?post=5377"}],"version-history":[{"count":37,"href":"https:\/\/ecolemusiquedanse-stgalmier.fr\/index.php\/wp-json\/wp\/v2\/pages\/5377\/revisions"}],"predecessor-version":[{"id":7385,"href":"https:\/\/ecolemusiquedanse-stgalmier.fr\/index.php\/wp-json\/wp\/v2\/pages\/5377\/revisions\/7385"}],"wp:attachment":[{"href":"https:\/\/ecolemusiquedanse-stgalmier.fr\/index.php\/wp-json\/wp\/v2\/media?parent=5377"}],"curies":[{"name":"wp","href":"https:\/\/api.w.org\/{rel}","templated":true}]}}