{"id":6498,"date":"2025-12-17T17:22:36","date_gmt":"2025-12-17T16:22:36","guid":{"rendered":"https:\/\/ecolemusiquedanse-stgalmier.fr\/?page_id=6498"},"modified":"2026-03-11T16:06:46","modified_gmt":"2026-03-11T15:06:46","slug":"ensemble-de-cuivres","status":"publish","type":"page","link":"https:\/\/ecolemusiquedanse-stgalmier.fr\/index.php\/ensemble-de-cuivres\/","title":{"rendered":"ENSEMBLES DE CUIVRES"},"content":{"rendered":"\t\t<div data-elementor-type=\"wp-page\" data-elementor-id=\"6498\" class=\"elementor elementor-6498\">\n\t\t\t\t<div class=\"elementor-element elementor-element-b3a07a6 e-con-full e-flex e-con e-parent\" data-id=\"b3a07a6\" data-element_type=\"container\" data-settings=\"{&quot;background_background&quot;:&quot;classic&quot;,&quot;shape_divider_top&quot;:&quot;tilt&quot;,&quot;shape_divider_bottom&quot;:&quot;tilt&quot;}\">\n\t\t\t\t<div class=\"elementor-shape elementor-shape-top\" aria-hidden=\"true\" data-negative=\"false\">\n\t\t\t<svg xmlns=\"http:\/\/www.w3.org\/2000\/svg\" viewBox=\"0 0 1000 100\" preserveAspectRatio=\"none\">\n\t<path class=\"elementor-shape-fill\" d=\"M0,6V0h1000v100L0,6z\"\/>\n<\/svg>\t\t<\/div>\n\t\t\t\t<div class=\"elementor-shape elementor-shape-bottom\" aria-hidden=\"true\" data-negative=\"false\">\n\t\t\t<svg xmlns=\"http:\/\/www.w3.org\/2000\/svg\" viewBox=\"0 0 1000 100\" preserveAspectRatio=\"none\">\n\t<path class=\"elementor-shape-fill\" d=\"M0,6V0h1000v100L0,6z\"\/>\n<\/svg>\t\t<\/div>\n\t\t\t\t<div class=\"elementor-element elementor-element-e4d6f73 elementor-widget-divider--view-line elementor-widget elementor-widget-divider\" data-id=\"e4d6f73\" data-element_type=\"widget\" data-widget_type=\"divider.default\">\n\t\t\t\t<div class=\"elementor-widget-container\">\n\t\t\t\t\t\t\t<div class=\"elementor-divider\">\n\t\t\t<span class=\"elementor-divider-separator\">\n\t\t\t\t\t\t<\/span>\n\t\t<\/div>\n\t\t\t\t\t\t<\/div>\n\t\t\t\t<\/div>\n\t\t\t\t<div class=\"elementor-element elementor-element-c904704 elementor-widget elementor-widget-heading\" data-id=\"c904704\" data-element_type=\"widget\" data-widget_type=\"heading.default\">\n\t\t\t\t<div class=\"elementor-widget-container\">\n\t\t\t\t\t<h2 class=\"elementor-heading-title elementor-size-default\">ensemble de cuivres<\/h2>\t\t\t\t<\/div>\n\t\t\t\t<\/div>\n\t\t\t\t<\/div>\n\t\t<div class=\"elementor-element elementor-element-a11a0d3 e-con-full e-flex e-con e-parent\" data-id=\"a11a0d3\" data-element_type=\"container\" data-settings=\"{&quot;background_background&quot;:&quot;classic&quot;,&quot;shape_divider_bottom&quot;:&quot;tilt&quot;}\">\n\t\t\t\t<div class=\"elementor-shape elementor-shape-bottom\" aria-hidden=\"true\" data-negative=\"false\">\n\t\t\t<svg xmlns=\"http:\/\/www.w3.org\/2000\/svg\" viewBox=\"0 0 1000 100\" preserveAspectRatio=\"none\">\n\t<path class=\"elementor-shape-fill\" d=\"M0,6V0h1000v100L0,6z\"\/>\n<\/svg>\t\t<\/div>\n\t\t\t\t<div class=\"elementor-element elementor-element-1465748 elementor-widget elementor-widget-text-editor\" data-id=\"1465748\" data-element_type=\"widget\" data-widget_type=\"text-editor.default\">\n\t\t\t\t<div class=\"elementor-widget-container\">\n\t\t\t\t\t\t\t\t\t<p style=\"text-align: center;\"><span style=\"color: #ffffff;\">Tout seul c&rsquo;est bien, mais \u00e0 plusieurs \u00e7a sonne beaucoup mieux. Alors n&rsquo;h\u00e9sitez pas \u00e0 venir rejoindre nos cuivres !<\/span><\/p>\t\t\t\t\t\t\t\t<\/div>\n\t\t\t\t<\/div>\n\t\t\t\t<\/div>\n\t\t<div class=\"elementor-element elementor-element-41c2596 e-con-full e-flex e-con e-parent\" data-id=\"41c2596\" data-element_type=\"container\">\n\t\t\t\t<div class=\"elementor-element elementor-element-43f4ebb elementor-widget__width-initial elementor-widget-tablet__width-initial elementor-widget elementor-widget-text-editor\" data-id=\"43f4ebb\" data-element_type=\"widget\" data-widget_type=\"text-editor.default\">\n\t\t\t\t<div class=\"elementor-widget-container\">\n\t\t\t\t\t\t\t\t\t<p style=\"text-align: center;\"><strong>Mardi soir : 18h30 &#8211; 19h00<\/strong><\/p>\t\t\t\t\t\t\t\t<\/div>\n\t\t\t\t<\/div>\n\t\t\t\t<\/div>\n\t\t<div class=\"elementor-element elementor-element-3b6d828 e-con-full e-flex e-con e-parent\" data-id=\"3b6d828\" data-element_type=\"container\">\n\t\t\t\t<div class=\"elementor-element elementor-element-bb3ffc2 elementor-widget elementor-widget-text-editor\" data-id=\"bb3ffc2\" data-element_type=\"widget\" data-widget_type=\"text-editor.default\">\n\t\t\t\t<div class=\"elementor-widget-container\">\n\t\t\t\t\t\t\t\t\t<p style=\"text-align: center;\">Sous la Direction d&rsquo;Yves\u00a0<\/p>\t\t\t\t\t\t\t\t<\/div>\n\t\t\t\t<\/div>\n\t\t\t\t<\/div>\n\t\t\t\t<\/div>\n\t\t","protected":false},"excerpt":{"rendered":"<p>ensemble de cuivres Tout seul c&rsquo;est bien, mais \u00e0 plusieurs \u00e7a sonne beaucoup mieux. Alors n&rsquo;h\u00e9sitez pas \u00e0 venir rejoindre [&hellip;]<\/p>\n","protected":false},"author":3,"featured_media":0,"parent":0,"menu_order":0,"comment_status":"closed","ping_status":"closed","template":"","meta":{"_eb_attr":"","_uag_custom_page_level_css":"","site-sidebar-layout":"no-sidebar","site-content-layout":"","ast-site-content-layout":"full-width-container","site-content-style":"default","site-sidebar-style":"default","ast-global-header-display":"","ast-banner-title-visibility":"","ast-main-header-display":"","ast-hfb-above-header-display":"","ast-hfb-below-header-display":"","ast-hfb-mobile-header-display":"","site-post-title":"","ast-breadcrumbs-content":"","ast-featured-img":"disabled","footer-sml-layout":"","theme-transparent-header-meta":"","adv-header-id-meta":"","stick-header-meta":"","header-above-stick-meta":"","header-main-stick-meta":"","header-below-stick-meta":"","astra-migrate-meta-layouts":"default","ast-page-background-enabled":"default","ast-page-background-meta":{"desktop":{"background-color":"var(--ast-global-color-5)","background-image":"","background-repeat":"repeat","background-position":"center center","background-size":"auto","background-attachment":"scroll","background-type":"","background-media":"","overlay-type":"","overlay-color":"","overlay-opacity":"","overlay-gradient":""},"tablet":{"background-color":"","background-image":"","background-repeat":"repeat","background-position":"center center","background-size":"auto","background-attachment":"scroll","background-type":"","background-media":"","overlay-type":"","overlay-color":"","overlay-opacity":"","overlay-gradient":""},"mobile":{"background-color":"","background-image":"","background-repeat":"repeat","background-position":"center center","background-size":"auto","background-attachment":"scroll","background-type":"","background-media":"","overlay-type":"","overlay-color":"","overlay-opacity":"","overlay-gradient":""}},"ast-content-background-meta":{"desktop":{"background-color":"var(--ast-global-color-4)","background-image":"","background-repeat":"repeat","background-position":"center center","background-size":"auto","background-attachment":"scroll","background-type":"","background-media":"","overlay-type":"","overlay-color":"","overlay-opacity":"","overlay-gradient":""},"tablet":{"background-color":"var(--ast-global-color-4)","background-image":"","background-repeat":"repeat","background-position":"center center","background-size":"auto","background-attachment":"scroll","background-type":"","background-media":"","overlay-type":"","overlay-color":"","overlay-opacity":"","overlay-gradient":""},"mobile":{"background-color":"var(--ast-global-color-4)","background-image":"","background-repeat":"repeat","background-position":"center center","background-size":"auto","background-attachment":"scroll","background-type":"","background-media":"","overlay-type":"","overlay-color":"","overlay-opacity":"","overlay-gradient":""}},"footnotes":""},"class_list":["post-6498","page","type-page","status-publish","hentry"],"uagb_featured_image_src":{"full":false,"thumbnail":false,"medium":false,"medium_large":false,"large":false,"1536x1536":false,"2048x2048":false},"uagb_author_info":{"display_name":"therese","author_link":"https:\/\/ecolemusiquedanse-stgalmier.fr\/index.php\/author\/therese\/"},"uagb_comment_info":0,"uagb_excerpt":"ensemble de cuivres Tout seul c&rsquo;est bien, mais \u00e0 plusieurs \u00e7a sonne beaucoup mieux. Alors n&rsquo;h\u00e9sitez pas \u00e0 venir rejoindre [&hellip;]","_links":{"self":[{"href":"https:\/\/ecolemusiquedanse-stgalmier.fr\/index.php\/wp-json\/wp\/v2\/pages\/6498","targetHints":{"allow":["GET"]}}],"collection":[{"href":"https:\/\/ecolemusiquedanse-stgalmier.fr\/index.php\/wp-json\/wp\/v2\/pages"}],"about":[{"href":"https:\/\/ecolemusiquedanse-stgalmier.fr\/index.php\/wp-json\/wp\/v2\/types\/page"}],"author":[{"embeddable":true,"href":"https:\/\/ecolemusiquedanse-stgalmier.fr\/index.php\/wp-json\/wp\/v2\/users\/3"}],"replies":[{"embeddable":true,"href":"https:\/\/ecolemusiquedanse-stgalmier.fr\/index.php\/wp-json\/wp\/v2\/comments?post=6498"}],"version-history":[{"count":24,"href":"https:\/\/ecolemusiquedanse-stgalmier.fr\/index.php\/wp-json\/wp\/v2\/pages\/6498\/revisions"}],"predecessor-version":[{"id":7299,"href":"https:\/\/ecolemusiquedanse-stgalmier.fr\/index.php\/wp-json\/wp\/v2\/pages\/6498\/revisions\/7299"}],"wp:attachment":[{"href":"https:\/\/ecolemusiquedanse-stgalmier.fr\/index.php\/wp-json\/wp\/v2\/media?parent=6498"}],"curies":[{"name":"wp","href":"https:\/\/api.w.org\/{rel}","templated":true}]}}